{"id":5680,"date":"2015-10-04T15:28:40","date_gmt":"2015-10-04T15:28:40","guid":{"rendered":"http:\/\/demo.goodlayers.com\/greennature\/?page_id=5680"},"modified":"2026-04-14T14:21:38","modified_gmt":"2026-04-14T14:21:38","slug":"homepage","status":"publish","type":"page","link":"https:\/\/minkanaforest.foundation\/en\/","title":{"rendered":"Inicio"},"content":{"rendered":"","protected":false},"excerpt":{"rendered":"","protected":false},"author":2,"featured_media":0,"parent":0,"menu_order":0,"comment_status":"closed","ping_status":"closed","template":"","meta":{"footnotes":""},"class_list":["post-5680","page","type-page","status-publish","hentry"],"yoast_head":"<!-- This site is optimized with the Yoast SEO plugin v26.8 - https:\/\/yoast.com\/product\/yoast-seo-wordpress\/ -->\n<title>Inicio - Minkana Forest<\/title>\n<meta name=\"description\" content=\"Minkana Forest Foundation promueve la conservaci\u00f3n y protecci\u00f3n de nuestra naturaleza, capacitando y concientizando a las comunidades que habitan en zonas rurales y urbano marginales con incidencia directa en las reservas naturales que requieren protecci\u00f3n, provocando que las comunidades sean part\u00edcipes de su propio desarrollo convirti\u00e9ndose en guardianes verdes.\" \/>\n<meta name=\"robots\" content=\"index, follow, max-snippet:-1, max-image-preview:large, max-video-preview:-1\" \/>\n<link rel=\"canonical\" href=\"https:\/\/minkanaforest.foundation\/en\/\" \/>\n<meta property=\"og:locale\" content=\"en_US\" \/>\n<meta property=\"og:type\" content=\"article\" \/>\n<meta property=\"og:title\" content=\"Inicio - Minkana Forest\" \/>\n<meta property=\"og:description\" content=\"Minkana Forest Foundation promueve la conservaci\u00f3n y protecci\u00f3n de nuestra naturaleza, capacitando y concientizando a las comunidades que habitan en zonas rurales y urbano marginales con incidencia directa en las reservas naturales que requieren protecci\u00f3n, provocando que las comunidades sean part\u00edcipes de su propio desarrollo convirti\u00e9ndose en guardianes verdes.\" \/>\n<meta property=\"og:url\" content=\"https:\/\/minkanaforest.foundation\/en\/\" \/>\n<meta property=\"og:site_name\" content=\"Minkana Forest\" \/>\n<meta property=\"article:publisher\" content=\"https:\/\/www.facebook.com\/minkanaforest\/\" \/>\n<meta property=\"article:modified_time\" content=\"2026-04-14T14:21:38+00:00\" \/>\n<meta name=\"twitter:card\" content=\"summary_large_image\" \/>\n<script type=\"application\/ld+json\" class=\"yoast-schema-graph\">{\"@context\":\"https:\/\/schema.org\",\"@graph\":[{\"@type\":\"WebPage\",\"@id\":\"https:\/\/minkanaforest.foundation\/\",\"url\":\"https:\/\/minkanaforest.foundation\/\",\"name\":\"Inicio - Minkana Forest\",\"isPartOf\":{\"@id\":\"https:\/\/minkanaforest.foundation\/#website\"},\"datePublished\":\"2015-10-04T15:28:40+00:00\",\"dateModified\":\"2026-04-14T14:21:38+00:00\",\"description\":\"Minkana Forest Foundation promueve la conservaci\u00f3n y protecci\u00f3n de nuestra naturaleza, capacitando y concientizando a las comunidades que habitan en zonas rurales y urbano marginales con incidencia directa en las reservas naturales que requieren protecci\u00f3n, provocando que las comunidades sean part\u00edcipes de su propio desarrollo convirti\u00e9ndose en guardianes verdes.\",\"breadcrumb\":{\"@id\":\"https:\/\/minkanaforest.foundation\/#breadcrumb\"},\"inLanguage\":\"en-US\",\"potentialAction\":[{\"@type\":\"ReadAction\",\"target\":[\"https:\/\/minkanaforest.foundation\/\"]}]},{\"@type\":\"BreadcrumbList\",\"@id\":\"https:\/\/minkanaforest.foundation\/#breadcrumb\",\"itemListElement\":[{\"@type\":\"ListItem\",\"position\":1,\"name\":\"Portada\",\"item\":\"https:\/\/minkanaforest.foundation\/\"},{\"@type\":\"ListItem\",\"position\":2,\"name\":\"Inicio\"}]},{\"@type\":\"WebSite\",\"@id\":\"https:\/\/minkanaforest.foundation\/#website\",\"url\":\"https:\/\/minkanaforest.foundation\/\",\"name\":\"Minkana Forest\",\"description\":\"Foundation\",\"publisher\":{\"@id\":\"https:\/\/minkanaforest.foundation\/#organization\"},\"potentialAction\":[{\"@type\":\"SearchAction\",\"target\":{\"@type\":\"EntryPoint\",\"urlTemplate\":\"https:\/\/minkanaforest.foundation\/?s={search_term_string}\"},\"query-input\":{\"@type\":\"PropertyValueSpecification\",\"valueRequired\":true,\"valueName\":\"search_term_string\"}}],\"inLanguage\":\"en-US\"},{\"@type\":\"Organization\",\"@id\":\"https:\/\/minkanaforest.foundation\/#organization\",\"name\":\"Minkana Forest Foundation\",\"url\":\"https:\/\/minkanaforest.foundation\/\",\"logo\":{\"@type\":\"ImageObject\",\"inLanguage\":\"en-US\",\"@id\":\"https:\/\/minkanaforest.foundation\/#\/schema\/logo\/image\/\",\"url\":\"https:\/\/minkanaforest.foundation\/wp-content\/uploads\/2022\/01\/Logo-Minkana-2.png\",\"contentUrl\":\"https:\/\/minkanaforest.foundation\/wp-content\/uploads\/2022\/01\/Logo-Minkana-2.png\",\"width\":443,\"height\":111,\"caption\":\"Minkana Forest Foundation\"},\"image\":{\"@id\":\"https:\/\/minkanaforest.foundation\/#\/schema\/logo\/image\/\"},\"sameAs\":[\"https:\/\/www.facebook.com\/minkanaforest\/\",\"https:\/\/www.instagram.com\/minkanaforest\/\",\"https:\/\/www.youtube.com\/channel\/UCHpReOVQpau6dXsvLyLzLmg\/playlists\"]}]}<\/script>\n<!-- \/ Yoast SEO plugin. -->","yoast_head_json":{"title":"Inicio - Minkana Forest","description":"Minkana Forest Foundation promueve la conservaci\u00f3n y protecci\u00f3n de nuestra naturaleza, capacitando y concientizando a las comunidades que habitan en zonas rurales y urbano marginales con incidencia directa en las reservas naturales que requieren protecci\u00f3n, provocando que las comunidades sean part\u00edcipes de su propio desarrollo convirti\u00e9ndose en guardianes verdes.","robots":{"index":"index","follow":"follow","max-snippet":"max-snippet:-1","max-image-preview":"max-image-preview:large","max-video-preview":"max-video-preview:-1"},"canonical":"https:\/\/minkanaforest.foundation\/en\/","og_locale":"en_US","og_type":"article","og_title":"Inicio - Minkana Forest","og_description":"Minkana Forest Foundation promueve la conservaci\u00f3n y protecci\u00f3n de nuestra naturaleza, capacitando y concientizando a las comunidades que habitan en zonas rurales y urbano marginales con incidencia directa en las reservas naturales que requieren protecci\u00f3n, provocando que las comunidades sean part\u00edcipes de su propio desarrollo convirti\u00e9ndose en guardianes verdes.","og_url":"https:\/\/minkanaforest.foundation\/en\/","og_site_name":"Minkana Forest","article_publisher":"https:\/\/www.facebook.com\/minkanaforest\/","article_modified_time":"2026-04-14T14:21:38+00:00","twitter_card":"summary_large_image","schema":{"@context":"https:\/\/schema.org","@graph":[{"@type":"WebPage","@id":"https:\/\/minkanaforest.foundation\/","url":"https:\/\/minkanaforest.foundation\/","name":"Inicio - Minkana Forest","isPartOf":{"@id":"https:\/\/minkanaforest.foundation\/#website"},"datePublished":"2015-10-04T15:28:40+00:00","dateModified":"2026-04-14T14:21:38+00:00","description":"Minkana Forest Foundation promueve la conservaci\u00f3n y protecci\u00f3n de nuestra naturaleza, capacitando y concientizando a las comunidades que habitan en zonas rurales y urbano marginales con incidencia directa en las reservas naturales que requieren protecci\u00f3n, provocando que las comunidades sean part\u00edcipes de su propio desarrollo convirti\u00e9ndose en guardianes verdes.","breadcrumb":{"@id":"https:\/\/minkanaforest.foundation\/#breadcrumb"},"inLanguage":"en-US","potentialAction":[{"@type":"ReadAction","target":["https:\/\/minkanaforest.foundation\/"]}]},{"@type":"BreadcrumbList","@id":"https:\/\/minkanaforest.foundation\/#breadcrumb","itemListElement":[{"@type":"ListItem","position":1,"name":"Portada","item":"https:\/\/minkanaforest.foundation\/"},{"@type":"ListItem","position":2,"name":"Inicio"}]},{"@type":"WebSite","@id":"https:\/\/minkanaforest.foundation\/#website","url":"https:\/\/minkanaforest.foundation\/","name":"Minkana Forest","description":"Foundation","publisher":{"@id":"https:\/\/minkanaforest.foundation\/#organization"},"potentialAction":[{"@type":"SearchAction","target":{"@type":"EntryPoint","urlTemplate":"https:\/\/minkanaforest.foundation\/?s={search_term_string}"},"query-input":{"@type":"PropertyValueSpecification","valueRequired":true,"valueName":"search_term_string"}}],"inLanguage":"en-US"},{"@type":"Organization","@id":"https:\/\/minkanaforest.foundation\/#organization","name":"Minkana Forest Foundation","url":"https:\/\/minkanaforest.foundation\/","logo":{"@type":"ImageObject","inLanguage":"en-US","@id":"https:\/\/minkanaforest.foundation\/#\/schema\/logo\/image\/","url":"https:\/\/minkanaforest.foundation\/wp-content\/uploads\/2022\/01\/Logo-Minkana-2.png","contentUrl":"https:\/\/minkanaforest.foundation\/wp-content\/uploads\/2022\/01\/Logo-Minkana-2.png","width":443,"height":111,"caption":"Minkana Forest Foundation"},"image":{"@id":"https:\/\/minkanaforest.foundation\/#\/schema\/logo\/image\/"},"sameAs":["https:\/\/www.facebook.com\/minkanaforest\/","https:\/\/www.instagram.com\/minkanaforest\/","https:\/\/www.youtube.com\/channel\/UCHpReOVQpau6dXsvLyLzLmg\/playlists"]}]}},"_links":{"self":[{"href":"https:\/\/minkanaforest.foundation\/en\/wp-json\/wp\/v2\/pages\/5680","targetHints":{"allow":["GET"]}}],"collection":[{"href":"https:\/\/minkanaforest.foundation\/en\/wp-json\/wp\/v2\/pages"}],"about":[{"href":"https:\/\/minkanaforest.foundation\/en\/wp-json\/wp\/v2\/types\/page"}],"author":[{"embeddable":true,"href":"https:\/\/minkanaforest.foundation\/en\/wp-json\/wp\/v2\/users\/2"}],"replies":[{"embeddable":true,"href":"https:\/\/minkanaforest.foundation\/en\/wp-json\/wp\/v2\/comments?post=5680"}],"version-history":[{"count":10,"href":"https:\/\/minkanaforest.foundation\/en\/wp-json\/wp\/v2\/pages\/5680\/revisions"}],"predecessor-version":[{"id":7204,"href":"https:\/\/minkanaforest.foundation\/en\/wp-json\/wp\/v2\/pages\/5680\/revisions\/7204"}],"wp:attachment":[{"href":"https:\/\/minkanaforest.foundation\/en\/wp-json\/wp\/v2\/media?parent=5680"}],"curies":[{"name":"wp","href":"https:\/\/api.w.org\/{rel}","templated":true}]}}