{"id":6796,"date":"2022-06-04T23:51:05","date_gmt":"2022-06-04T23:51:05","guid":{"rendered":"https:\/\/minkanaforest.foundation\/?post_type=product&#038;p=6796"},"modified":"2022-06-04T23:51:06","modified_gmt":"2022-06-04T23:51:06","slug":"api","status":"publish","type":"product","link":"https:\/\/minkanaforest.foundation\/en\/product\/api\/","title":{"rendered":"Api"},"content":{"rendered":"<p>Todos nuestros productos son elaborados por grupos de familias de forma manual, con mucha creatividad y esmero; implementando variedad de semillas t\u00edpicas, cosechadas de forma amigable al medio ambiente de nuestra Amazon\u00eda ecuatoriana, mismos que, simbolizan riqueza cultural de nuestras comunidades Kichwas.<\/p>\n<p>Recomendaciones: No exponer las prendas al agua y usar aceite de aguacate para conservar el brillo.<\/p>","protected":false},"excerpt":{"rendered":"<p>C\u00f3modo y f\u00e1cil de usar, usa esta manilla para esos d\u00edas donde te gusta sentirte diferente. 100% naturales, pulseras tejidas a mano con hilo de pita y semillas de la amazon\u00eda ecuatoriana.<\/p>\n<p>Lleva un poco de la naturaleza en tu d\u00eda a d\u00eda.<\/p>\n<p>Talla: S<\/p>","protected":false},"featured_media":6809,"comment_status":"open","ping_status":"closed","template":"","meta":[],"product_brand":[],"product_cat":[90,87],"product_tag":[],"class_list":{"0":"post-6796","1":"product","2":"type-product","3":"status-publish","4":"has-post-thumbnail","6":"product_cat-coleccion-raymi","7":"product_cat-manillas","9":"first","10":"instock","11":"taxable","12":"shipping-taxable","13":"purchasable","14":"product-type-simple"},"yoast_head":"<!-- This site is optimized with the Yoast SEO plugin v26.8 - https:\/\/yoast.com\/product\/yoast-seo-wordpress\/ -->\n<title>Api - Minkana Forest<\/title>\n<meta name=\"robots\" content=\"index, follow, max-snippet:-1, max-image-preview:large, max-video-preview:-1\" \/>\n<link rel=\"canonical\" href=\"https:\/\/minkanaforest.foundation\/en\/product\/api\/\" \/>\n<meta property=\"og:locale\" content=\"en_US\" \/>\n<meta property=\"og:type\" content=\"article\" \/>\n<meta property=\"og:title\" content=\"Api - Minkana Forest\" \/>\n<meta property=\"og:description\" content=\"C\u00f3modo y f\u00e1cil de usar, usa esta manilla para esos d\u00edas donde te gusta sentirte diferente. 100% naturales, pulseras tejidas a mano con hilo de pita y semillas de la amazon\u00eda ecuatoriana.  Lleva un poco de la naturaleza en tu d\u00eda a d\u00eda.  Talla: S\" \/>\n<meta property=\"og:url\" content=\"https:\/\/minkanaforest.foundation\/en\/product\/api\/\" \/>\n<meta property=\"og:site_name\" content=\"Minkana Forest\" \/>\n<meta property=\"article:publisher\" content=\"https:\/\/www.facebook.com\/minkanaforest\/\" \/>\n<meta property=\"article:modified_time\" content=\"2022-06-04T23:51:06+00:00\" \/>\n<meta property=\"og:image\" content=\"https:\/\/minkanaforest.foundation\/wp-content\/uploads\/2022\/06\/8-6.jpg\" \/>\n\t<meta property=\"og:image:width\" content=\"1076\" \/>\n\t<meta property=\"og:image:height\" content=\"1150\" \/>\n\t<meta property=\"og:image:type\" content=\"image\/jpeg\" \/>\n<meta name=\"twitter:card\" content=\"summary_large_image\" \/>\n<script type=\"application\/ld+json\" class=\"yoast-schema-graph\">{\"@context\":\"https:\/\/schema.org\",\"@graph\":[{\"@type\":\"WebPage\",\"@id\":\"https:\/\/minkanaforest.foundation\/producto\/api\/\",\"url\":\"https:\/\/minkanaforest.foundation\/producto\/api\/\",\"name\":\"Api - Minkana Forest\",\"isPartOf\":{\"@id\":\"https:\/\/minkanaforest.foundation\/#website\"},\"primaryImageOfPage\":{\"@id\":\"https:\/\/minkanaforest.foundation\/producto\/api\/#primaryimage\"},\"image\":{\"@id\":\"https:\/\/minkanaforest.foundation\/producto\/api\/#primaryimage\"},\"thumbnailUrl\":\"https:\/\/minkanaforest.foundation\/wp-content\/uploads\/2022\/06\/8-6.jpg\",\"datePublished\":\"2022-06-04T23:51:05+00:00\",\"dateModified\":\"2022-06-04T23:51:06+00:00\",\"breadcrumb\":{\"@id\":\"https:\/\/minkanaforest.foundation\/producto\/api\/#breadcrumb\"},\"inLanguage\":\"en-US\",\"potentialAction\":[{\"@type\":\"ReadAction\",\"target\":[\"https:\/\/minkanaforest.foundation\/producto\/api\/\"]}]},{\"@type\":\"ImageObject\",\"inLanguage\":\"en-US\",\"@id\":\"https:\/\/minkanaforest.foundation\/producto\/api\/#primaryimage\",\"url\":\"https:\/\/minkanaforest.foundation\/wp-content\/uploads\/2022\/06\/8-6.jpg\",\"contentUrl\":\"https:\/\/minkanaforest.foundation\/wp-content\/uploads\/2022\/06\/8-6.jpg\",\"width\":1076,\"height\":1150},{\"@type\":\"BreadcrumbList\",\"@id\":\"https:\/\/minkanaforest.foundation\/producto\/api\/#breadcrumb\",\"itemListElement\":[{\"@type\":\"ListItem\",\"position\":1,\"name\":\"Portada\",\"item\":\"https:\/\/minkanaforest.foundation\/\"},{\"@type\":\"ListItem\",\"position\":2,\"name\":\"Artesan\u00edas\",\"item\":\"https:\/\/minkanaforest.foundation\/tienda\/\"},{\"@type\":\"ListItem\",\"position\":3,\"name\":\"Api\"}]},{\"@type\":\"WebSite\",\"@id\":\"https:\/\/minkanaforest.foundation\/#website\",\"url\":\"https:\/\/minkanaforest.foundation\/\",\"name\":\"Minkana Forest\",\"description\":\"Foundation\",\"publisher\":{\"@id\":\"https:\/\/minkanaforest.foundation\/#organization\"},\"potentialAction\":[{\"@type\":\"SearchAction\",\"target\":{\"@type\":\"EntryPoint\",\"urlTemplate\":\"https:\/\/minkanaforest.foundation\/?s={search_term_string}\"},\"query-input\":{\"@type\":\"PropertyValueSpecification\",\"valueRequired\":true,\"valueName\":\"search_term_string\"}}],\"inLanguage\":\"en-US\"},{\"@type\":\"Organization\",\"@id\":\"https:\/\/minkanaforest.foundation\/#organization\",\"name\":\"Minkana Forest Foundation\",\"url\":\"https:\/\/minkanaforest.foundation\/\",\"logo\":{\"@type\":\"ImageObject\",\"inLanguage\":\"en-US\",\"@id\":\"https:\/\/minkanaforest.foundation\/#\/schema\/logo\/image\/\",\"url\":\"https:\/\/minkanaforest.foundation\/wp-content\/uploads\/2022\/01\/Logo-Minkana-2.png\",\"contentUrl\":\"https:\/\/minkanaforest.foundation\/wp-content\/uploads\/2022\/01\/Logo-Minkana-2.png\",\"width\":443,\"height\":111,\"caption\":\"Minkana Forest Foundation\"},\"image\":{\"@id\":\"https:\/\/minkanaforest.foundation\/#\/schema\/logo\/image\/\"},\"sameAs\":[\"https:\/\/www.facebook.com\/minkanaforest\/\",\"https:\/\/www.instagram.com\/minkanaforest\/\",\"https:\/\/www.youtube.com\/channel\/UCHpReOVQpau6dXsvLyLzLmg\/playlists\"]}]}<\/script>\n<!-- \/ Yoast SEO plugin. -->","yoast_head_json":{"title":"Api - Minkana Forest","robots":{"index":"index","follow":"follow","max-snippet":"max-snippet:-1","max-image-preview":"max-image-preview:large","max-video-preview":"max-video-preview:-1"},"canonical":"https:\/\/minkanaforest.foundation\/en\/product\/api\/","og_locale":"en_US","og_type":"article","og_title":"Api - Minkana Forest","og_description":"C\u00f3modo y f\u00e1cil de usar, usa esta manilla para esos d\u00edas donde te gusta sentirte diferente. 100% naturales, pulseras tejidas a mano con hilo de pita y semillas de la amazon\u00eda ecuatoriana.  Lleva un poco de la naturaleza en tu d\u00eda a d\u00eda.  Talla: S","og_url":"https:\/\/minkanaforest.foundation\/en\/product\/api\/","og_site_name":"Minkana Forest","article_publisher":"https:\/\/www.facebook.com\/minkanaforest\/","article_modified_time":"2022-06-04T23:51:06+00:00","og_image":[{"width":1076,"height":1150,"url":"https:\/\/minkanaforest.foundation\/wp-content\/uploads\/2022\/06\/8-6.jpg","type":"image\/jpeg"}],"twitter_card":"summary_large_image","schema":{"@context":"https:\/\/schema.org","@graph":[{"@type":"WebPage","@id":"https:\/\/minkanaforest.foundation\/producto\/api\/","url":"https:\/\/minkanaforest.foundation\/producto\/api\/","name":"Api - Minkana Forest","isPartOf":{"@id":"https:\/\/minkanaforest.foundation\/#website"},"primaryImageOfPage":{"@id":"https:\/\/minkanaforest.foundation\/producto\/api\/#primaryimage"},"image":{"@id":"https:\/\/minkanaforest.foundation\/producto\/api\/#primaryimage"},"thumbnailUrl":"https:\/\/minkanaforest.foundation\/wp-content\/uploads\/2022\/06\/8-6.jpg","datePublished":"2022-06-04T23:51:05+00:00","dateModified":"2022-06-04T23:51:06+00:00","breadcrumb":{"@id":"https:\/\/minkanaforest.foundation\/producto\/api\/#breadcrumb"},"inLanguage":"en-US","potentialAction":[{"@type":"ReadAction","target":["https:\/\/minkanaforest.foundation\/producto\/api\/"]}]},{"@type":"ImageObject","inLanguage":"en-US","@id":"https:\/\/minkanaforest.foundation\/producto\/api\/#primaryimage","url":"https:\/\/minkanaforest.foundation\/wp-content\/uploads\/2022\/06\/8-6.jpg","contentUrl":"https:\/\/minkanaforest.foundation\/wp-content\/uploads\/2022\/06\/8-6.jpg","width":1076,"height":1150},{"@type":"BreadcrumbList","@id":"https:\/\/minkanaforest.foundation\/producto\/api\/#breadcrumb","itemListElement":[{"@type":"ListItem","position":1,"name":"Portada","item":"https:\/\/minkanaforest.foundation\/"},{"@type":"ListItem","position":2,"name":"Artesan\u00edas","item":"https:\/\/minkanaforest.foundation\/tienda\/"},{"@type":"ListItem","position":3,"name":"Api"}]},{"@type":"WebSite","@id":"https:\/\/minkanaforest.foundation\/#website","url":"https:\/\/minkanaforest.foundation\/","name":"Minkana Forest","description":"Foundation","publisher":{"@id":"https:\/\/minkanaforest.foundation\/#organization"},"potentialAction":[{"@type":"SearchAction","target":{"@type":"EntryPoint","urlTemplate":"https:\/\/minkanaforest.foundation\/?s={search_term_string}"},"query-input":{"@type":"PropertyValueSpecification","valueRequired":true,"valueName":"search_term_string"}}],"inLanguage":"en-US"},{"@type":"Organization","@id":"https:\/\/minkanaforest.foundation\/#organization","name":"Minkana Forest Foundation","url":"https:\/\/minkanaforest.foundation\/","logo":{"@type":"ImageObject","inLanguage":"en-US","@id":"https:\/\/minkanaforest.foundation\/#\/schema\/logo\/image\/","url":"https:\/\/minkanaforest.foundation\/wp-content\/uploads\/2022\/01\/Logo-Minkana-2.png","contentUrl":"https:\/\/minkanaforest.foundation\/wp-content\/uploads\/2022\/01\/Logo-Minkana-2.png","width":443,"height":111,"caption":"Minkana Forest Foundation"},"image":{"@id":"https:\/\/minkanaforest.foundation\/#\/schema\/logo\/image\/"},"sameAs":["https:\/\/www.facebook.com\/minkanaforest\/","https:\/\/www.instagram.com\/minkanaforest\/","https:\/\/www.youtube.com\/channel\/UCHpReOVQpau6dXsvLyLzLmg\/playlists"]}]}},"_links":{"self":[{"href":"https:\/\/minkanaforest.foundation\/en\/wp-json\/wp\/v2\/product\/6796","targetHints":{"allow":["GET"]}}],"collection":[{"href":"https:\/\/minkanaforest.foundation\/en\/wp-json\/wp\/v2\/product"}],"about":[{"href":"https:\/\/minkanaforest.foundation\/en\/wp-json\/wp\/v2\/types\/product"}],"replies":[{"embeddable":true,"href":"https:\/\/minkanaforest.foundation\/en\/wp-json\/wp\/v2\/comments?post=6796"}],"wp:featuredmedia":[{"embeddable":true,"href":"https:\/\/minkanaforest.foundation\/en\/wp-json\/wp\/v2\/media\/6809"}],"wp:attachment":[{"href":"https:\/\/minkanaforest.foundation\/en\/wp-json\/wp\/v2\/media?parent=6796"}],"wp:term":[{"taxonomy":"product_brand","embeddable":true,"href":"https:\/\/minkanaforest.foundation\/en\/wp-json\/wp\/v2\/product_brand?post=6796"},{"taxonomy":"product_cat","embeddable":true,"href":"https:\/\/minkanaforest.foundation\/en\/wp-json\/wp\/v2\/product_cat?post=6796"},{"taxonomy":"product_tag","embeddable":true,"href":"https:\/\/minkanaforest.foundation\/en\/wp-json\/wp\/v2\/product_tag?post=6796"}],"curies":[{"name":"wp","href":"https:\/\/api.w.org\/{rel}","templated":true}]}}